{"id":45459,"date":"2021-08-05T12:12:06","date_gmt":"2021-08-05T16:15:18","guid":{"rendered":"https:\/\/geroquip.com\/?post_type=product&#038;p=45459"},"modified":"2021-08-05T12:15:19","modified_gmt":"2021-08-05T16:15:19","slug":"con-forms-safety-pin-with-warning-tag","status":"publish","type":"product","link":"https:\/\/geroquip.com\/en\/product\/con-forms-safety-pin-with-warning-tag\/","title":{"rendered":"Con Forms &#8211; Safety pin with warning tag"},"content":{"rendered":"","protected":false},"excerpt":{"rendered":"","protected":false},"featured_media":45454,"comment_status":"closed","ping_status":"closed","template":"","meta":[],"product_brand":[],"product_cat":[61,28],"product_tag":[],"class_list":{"0":"post-45459","1":"product","2":"type-product","3":"status-publish","4":"has-post-thumbnail","6":"product_cat-con-forms-en","7":"product_cat-concrete-pumps","9":"first","10":"instock","11":"shipping-taxable","12":"product-type-simple"},"yoast_head":"<!-- This site is optimized with the Yoast SEO plugin v27.3 - https:\/\/yoast.com\/product\/yoast-seo-wordpress\/ -->\n<title>Con Forms - Safety pin with warning tag - Geroquip Inc<\/title>\n<meta name=\"description\" content=\"Con Forms - Safety pin with warning tag\" \/>\n<meta name=\"robots\" content=\"index, follow, max-snippet:-1, max-image-preview:large, max-video-preview:-1\" \/>\n<link rel=\"canonical\" href=\"https:\/\/geroquip.com\/en\/product\/con-forms-safety-pin-with-warning-tag\/\" \/>\n<meta property=\"og:locale\" content=\"en_US\" \/>\n<meta property=\"og:type\" content=\"article\" \/>\n<meta property=\"og:title\" content=\"Con Forms - Safety pin with warning tag - Geroquip Inc\" \/>\n<meta property=\"og:description\" content=\"Con Forms - Safety pin with warning tag\" \/>\n<meta property=\"og:url\" content=\"https:\/\/geroquip.com\/en\/product\/con-forms-safety-pin-with-warning-tag\/\" \/>\n<meta property=\"og:site_name\" content=\"Geroquip Inc\" \/>\n<meta property=\"article:publisher\" content=\"https:\/\/www.facebook.com\/Geroquip-1244955902232921\" \/>\n<meta property=\"article:modified_time\" content=\"2021-08-05T16:15:19+00:00\" \/>\n<meta property=\"og:image\" content=\"https:\/\/geroquip.com\/wp-content\/uploads\/2021\/08\/CF-safety-pin-3-of-5.jpg\" \/>\n\t<meta property=\"og:image:width\" content=\"1080\" \/>\n\t<meta property=\"og:image:height\" content=\"810\" \/>\n\t<meta property=\"og:image:type\" content=\"image\/jpeg\" \/>\n<meta name=\"twitter:card\" content=\"summary_large_image\" \/>\n<script type=\"application\/ld+json\" class=\"yoast-schema-graph\">{\"@context\":\"https:\\\/\\\/schema.org\",\"@graph\":[{\"@type\":\"WebPage\",\"@id\":\"https:\\\/\\\/geroquip.com\\\/en\\\/product\\\/con-forms-safety-pin-with-warning-tag\\\/\",\"url\":\"https:\\\/\\\/geroquip.com\\\/en\\\/product\\\/con-forms-safety-pin-with-warning-tag\\\/\",\"name\":\"Con Forms - Safety pin with warning tag - Geroquip Inc\",\"isPartOf\":{\"@id\":\"https:\\\/\\\/geroquip.com\\\/en\\\/#website\"},\"primaryImageOfPage\":{\"@id\":\"https:\\\/\\\/geroquip.com\\\/en\\\/product\\\/con-forms-safety-pin-with-warning-tag\\\/#primaryimage\"},\"image\":{\"@id\":\"https:\\\/\\\/geroquip.com\\\/en\\\/product\\\/con-forms-safety-pin-with-warning-tag\\\/#primaryimage\"},\"thumbnailUrl\":\"https:\\\/\\\/geroquip.com\\\/wp-content\\\/uploads\\\/2021\\\/08\\\/CF-safety-pin-3-of-5.jpg\",\"datePublished\":\"2021-08-05T16:15:18+00:00\",\"dateModified\":\"2021-08-05T16:15:19+00:00\",\"description\":\"Con Forms - Safety pin with warning tag\",\"breadcrumb\":{\"@id\":\"https:\\\/\\\/geroquip.com\\\/en\\\/product\\\/con-forms-safety-pin-with-warning-tag\\\/#breadcrumb\"},\"inLanguage\":\"en-CA\",\"potentialAction\":[{\"@type\":\"ReadAction\",\"target\":[\"https:\\\/\\\/geroquip.com\\\/en\\\/product\\\/con-forms-safety-pin-with-warning-tag\\\/\"]}]},{\"@type\":\"ImageObject\",\"inLanguage\":\"en-CA\",\"@id\":\"https:\\\/\\\/geroquip.com\\\/en\\\/product\\\/con-forms-safety-pin-with-warning-tag\\\/#primaryimage\",\"url\":\"https:\\\/\\\/geroquip.com\\\/wp-content\\\/uploads\\\/2021\\\/08\\\/CF-safety-pin-3-of-5.jpg\",\"contentUrl\":\"https:\\\/\\\/geroquip.com\\\/wp-content\\\/uploads\\\/2021\\\/08\\\/CF-safety-pin-3-of-5.jpg\",\"width\":1080,\"height\":810,\"caption\":\"Con Forms- \u00e9tiquette s\u00e9curit\u00e9 \u00e9pingle - safety pin\"},{\"@type\":\"BreadcrumbList\",\"@id\":\"https:\\\/\\\/geroquip.com\\\/en\\\/product\\\/con-forms-safety-pin-with-warning-tag\\\/#breadcrumb\",\"itemListElement\":[{\"@type\":\"ListItem\",\"position\":1,\"name\":\"Accueil\",\"item\":\"https:\\\/\\\/geroquip.com\\\/en\\\/\"},{\"@type\":\"ListItem\",\"position\":2,\"name\":\"Products\",\"item\":\"https:\\\/\\\/geroquip.com\\\/en\\\/products\\\/\"},{\"@type\":\"ListItem\",\"position\":3,\"name\":\"Con Forms &#8211; Safety pin with warning tag\"}]},{\"@type\":\"WebSite\",\"@id\":\"https:\\\/\\\/geroquip.com\\\/en\\\/#website\",\"url\":\"https:\\\/\\\/geroquip.com\\\/en\\\/\",\"name\":\"Geroquip Inc\",\"description\":\"Geroquip Beta\",\"publisher\":{\"@id\":\"https:\\\/\\\/geroquip.com\\\/en\\\/#organization\"},\"potentialAction\":[{\"@type\":\"SearchAction\",\"target\":{\"@type\":\"EntryPoint\",\"urlTemplate\":\"https:\\\/\\\/geroquip.com\\\/en\\\/?s={search_term_string}\"},\"query-input\":{\"@type\":\"PropertyValueSpecification\",\"valueRequired\":true,\"valueName\":\"search_term_string\"}}],\"inLanguage\":\"en-CA\"},{\"@type\":\"Organization\",\"@id\":\"https:\\\/\\\/geroquip.com\\\/en\\\/#organization\",\"name\":\"Geroquip Inc\",\"url\":\"https:\\\/\\\/geroquip.com\\\/en\\\/\",\"logo\":{\"@type\":\"ImageObject\",\"inLanguage\":\"en-CA\",\"@id\":\"https:\\\/\\\/geroquip.com\\\/en\\\/#\\\/schema\\\/logo\\\/image\\\/\",\"url\":\"https:\\\/\\\/geroquip.com\\\/wp-content\\\/uploads\\\/2021\\\/03\\\/Geroquip-logo-Red-Bleu-strock-4-04.png\",\"contentUrl\":\"https:\\\/\\\/geroquip.com\\\/wp-content\\\/uploads\\\/2021\\\/03\\\/Geroquip-logo-Red-Bleu-strock-4-04.png\",\"width\":983,\"height\":322,\"caption\":\"Geroquip Inc\"},\"image\":{\"@id\":\"https:\\\/\\\/geroquip.com\\\/en\\\/#\\\/schema\\\/logo\\\/image\\\/\"},\"sameAs\":[\"https:\\\/\\\/www.facebook.com\\\/Geroquip-1244955902232921\",\"https:\\\/\\\/www.linkedin.com\\\/company\\\/geroquip\\\/\"]}]}<\/script>\n<!-- \/ Yoast SEO plugin. -->","yoast_head_json":{"title":"Con Forms - Safety pin with warning tag - Geroquip Inc","description":"Con Forms - Safety pin with warning tag","robots":{"index":"index","follow":"follow","max-snippet":"max-snippet:-1","max-image-preview":"max-image-preview:large","max-video-preview":"max-video-preview:-1"},"canonical":"https:\/\/geroquip.com\/en\/product\/con-forms-safety-pin-with-warning-tag\/","og_locale":"en_US","og_type":"article","og_title":"Con Forms - Safety pin with warning tag - Geroquip Inc","og_description":"Con Forms - Safety pin with warning tag","og_url":"https:\/\/geroquip.com\/en\/product\/con-forms-safety-pin-with-warning-tag\/","og_site_name":"Geroquip Inc","article_publisher":"https:\/\/www.facebook.com\/Geroquip-1244955902232921","article_modified_time":"2021-08-05T16:15:19+00:00","og_image":[{"width":1080,"height":810,"url":"https:\/\/geroquip.com\/wp-content\/uploads\/2021\/08\/CF-safety-pin-3-of-5.jpg","type":"image\/jpeg"}],"twitter_card":"summary_large_image","schema":{"@context":"https:\/\/schema.org","@graph":[{"@type":"WebPage","@id":"https:\/\/geroquip.com\/en\/product\/con-forms-safety-pin-with-warning-tag\/","url":"https:\/\/geroquip.com\/en\/product\/con-forms-safety-pin-with-warning-tag\/","name":"Con Forms - Safety pin with warning tag - Geroquip Inc","isPartOf":{"@id":"https:\/\/geroquip.com\/en\/#website"},"primaryImageOfPage":{"@id":"https:\/\/geroquip.com\/en\/product\/con-forms-safety-pin-with-warning-tag\/#primaryimage"},"image":{"@id":"https:\/\/geroquip.com\/en\/product\/con-forms-safety-pin-with-warning-tag\/#primaryimage"},"thumbnailUrl":"https:\/\/geroquip.com\/wp-content\/uploads\/2021\/08\/CF-safety-pin-3-of-5.jpg","datePublished":"2021-08-05T16:15:18+00:00","dateModified":"2021-08-05T16:15:19+00:00","description":"Con Forms - Safety pin with warning tag","breadcrumb":{"@id":"https:\/\/geroquip.com\/en\/product\/con-forms-safety-pin-with-warning-tag\/#breadcrumb"},"inLanguage":"en-CA","potentialAction":[{"@type":"ReadAction","target":["https:\/\/geroquip.com\/en\/product\/con-forms-safety-pin-with-warning-tag\/"]}]},{"@type":"ImageObject","inLanguage":"en-CA","@id":"https:\/\/geroquip.com\/en\/product\/con-forms-safety-pin-with-warning-tag\/#primaryimage","url":"https:\/\/geroquip.com\/wp-content\/uploads\/2021\/08\/CF-safety-pin-3-of-5.jpg","contentUrl":"https:\/\/geroquip.com\/wp-content\/uploads\/2021\/08\/CF-safety-pin-3-of-5.jpg","width":1080,"height":810,"caption":"Con Forms- \u00e9tiquette s\u00e9curit\u00e9 \u00e9pingle - safety pin"},{"@type":"BreadcrumbList","@id":"https:\/\/geroquip.com\/en\/product\/con-forms-safety-pin-with-warning-tag\/#breadcrumb","itemListElement":[{"@type":"ListItem","position":1,"name":"Accueil","item":"https:\/\/geroquip.com\/en\/"},{"@type":"ListItem","position":2,"name":"Products","item":"https:\/\/geroquip.com\/en\/products\/"},{"@type":"ListItem","position":3,"name":"Con Forms &#8211; Safety pin with warning tag"}]},{"@type":"WebSite","@id":"https:\/\/geroquip.com\/en\/#website","url":"https:\/\/geroquip.com\/en\/","name":"Geroquip Inc","description":"Geroquip Beta","publisher":{"@id":"https:\/\/geroquip.com\/en\/#organization"},"potentialAction":[{"@type":"SearchAction","target":{"@type":"EntryPoint","urlTemplate":"https:\/\/geroquip.com\/en\/?s={search_term_string}"},"query-input":{"@type":"PropertyValueSpecification","valueRequired":true,"valueName":"search_term_string"}}],"inLanguage":"en-CA"},{"@type":"Organization","@id":"https:\/\/geroquip.com\/en\/#organization","name":"Geroquip Inc","url":"https:\/\/geroquip.com\/en\/","logo":{"@type":"ImageObject","inLanguage":"en-CA","@id":"https:\/\/geroquip.com\/en\/#\/schema\/logo\/image\/","url":"https:\/\/geroquip.com\/wp-content\/uploads\/2021\/03\/Geroquip-logo-Red-Bleu-strock-4-04.png","contentUrl":"https:\/\/geroquip.com\/wp-content\/uploads\/2021\/03\/Geroquip-logo-Red-Bleu-strock-4-04.png","width":983,"height":322,"caption":"Geroquip Inc"},"image":{"@id":"https:\/\/geroquip.com\/en\/#\/schema\/logo\/image\/"},"sameAs":["https:\/\/www.facebook.com\/Geroquip-1244955902232921","https:\/\/www.linkedin.com\/company\/geroquip\/"]}]}},"_links":{"self":[{"href":"https:\/\/geroquip.com\/en\/wp-json\/wp\/v2\/product\/45459","targetHints":{"allow":["GET"]}}],"collection":[{"href":"https:\/\/geroquip.com\/en\/wp-json\/wp\/v2\/product"}],"about":[{"href":"https:\/\/geroquip.com\/en\/wp-json\/wp\/v2\/types\/product"}],"replies":[{"embeddable":true,"href":"https:\/\/geroquip.com\/en\/wp-json\/wp\/v2\/comments?post=45459"}],"wp:featuredmedia":[{"embeddable":true,"href":"https:\/\/geroquip.com\/en\/wp-json\/wp\/v2\/media\/45454"}],"wp:attachment":[{"href":"https:\/\/geroquip.com\/en\/wp-json\/wp\/v2\/media?parent=45459"}],"wp:term":[{"taxonomy":"product_brand","embeddable":true,"href":"https:\/\/geroquip.com\/en\/wp-json\/wp\/v2\/product_brand?post=45459"},{"taxonomy":"product_cat","embeddable":true,"href":"https:\/\/geroquip.com\/en\/wp-json\/wp\/v2\/product_cat?post=45459"},{"taxonomy":"product_tag","embeddable":true,"href":"https:\/\/geroquip.com\/en\/wp-json\/wp\/v2\/product_tag?post=45459"}],"curies":[{"name":"wp","href":"https:\/\/api.w.org\/{rel}","templated":true}]}}